{"id":152,"date":"2024-11-29T15:49:59","date_gmt":"2024-11-29T15:49:59","guid":{"rendered":"https:\/\/gfg.wbfdev2.cz\/?post_type=product&#038;p=152"},"modified":"2025-01-27T12:51:16","modified_gmt":"2025-01-27T12:51:16","slug":"golfova-rozcvicka","status":"publish","type":"product","link":"https:\/\/gymforgolf.com\/en\/product\/golfova-rozcvicka\/","title":{"rendered":"Golf warm-up"},"content":{"rendered":"<div dir=\"ltr\">\n<div dir=\"ltr\">\n<div dir=\"ltr\">\n<div dir=\"ltr\">\n<p>A golf warm-up prepares the body for the game, improves mobility, activates muscles and reduces the risk of injury. It supports dynamic movements such as trunk rotation and improves concentration and coordination, leading to better performance on the field.<\/p>\n<div dir=\"ltr\">\n<div dir=\"ltr\">\n<div dir=\"ltr\">\n<div dir=\"ltr\">\n<div>\n<div>\n<p>The license is valid for 30 days from the first login to the XPS application.<\/p>\n<\/div>\n<\/div>\n<\/div>\n<\/div>\n<\/div>\n<\/div>\n<blockquote>\n<div dir=\"ltr\">\n<div dir=\"ltr\">\n<div dir=\"ltr\">\n<div dir=\"ltr\">\n<div>\n<div><\/div>\n<\/div>\n<\/div>\n<\/div>\n<\/div>\n<\/div>\n<\/blockquote>\n<\/div>\n<\/div>\n<\/div>\n<\/div>","protected":false},"excerpt":{"rendered":"<p>Golfov\u00e1 rozcvi\u010dka p\u0159ipravuje t\u011blo na hru, zlep\u0161uje mobilitu, aktivuje svaly a sni\u017euje riziko zran\u011bn\u00ed. Podporuje dynamick\u00e9 pohyby, jako je rotace trupu, a zlep\u0161uje koncentraci i koordinaci, co\u017e vede k lep\u0161\u00edmu v\u00fdkonu na h\u0159i\u0161ti. Licence plat\u00ed 30 dn\u00ed od prvn\u00edho p\u0159ihl\u00e1\u0161en\u00ed do aplikace XPS.<\/p>","protected":false},"featured_media":1534,"comment_status":"open","ping_status":"closed","template":"","meta":{"_acf_changed":false},"product_brand":[],"product_cat":[17],"product_tag":[36,29],"class_list":{"0":"post-152","1":"product","2":"type-product","3":"status-publish","4":"has-post-thumbnail","6":"product_cat-nezarazene","7":"product_tag-30-dni","8":"product_tag-rozcvicka","10":"first","11":"instock","12":"shipping-taxable","13":"purchasable","14":"product-type-simple"},"acf":[],"_links":{"self":[{"href":"https:\/\/gymforgolf.com\/en\/wp-json\/wp\/v2\/product\/152","targetHints":{"allow":["GET"]}}],"collection":[{"href":"https:\/\/gymforgolf.com\/en\/wp-json\/wp\/v2\/product"}],"about":[{"href":"https:\/\/gymforgolf.com\/en\/wp-json\/wp\/v2\/types\/product"}],"replies":[{"embeddable":true,"href":"https:\/\/gymforgolf.com\/en\/wp-json\/wp\/v2\/comments?post=152"}],"wp:featuredmedia":[{"embeddable":true,"href":"https:\/\/gymforgolf.com\/en\/wp-json\/wp\/v2\/media\/1534"}],"wp:attachment":[{"href":"https:\/\/gymforgolf.com\/en\/wp-json\/wp\/v2\/media?parent=152"}],"wp:term":[{"taxonomy":"product_brand","embeddable":true,"href":"https:\/\/gymforgolf.com\/en\/wp-json\/wp\/v2\/product_brand?post=152"},{"taxonomy":"product_cat","embeddable":true,"href":"https:\/\/gymforgolf.com\/en\/wp-json\/wp\/v2\/product_cat?post=152"},{"taxonomy":"product_tag","embeddable":true,"href":"https:\/\/gymforgolf.com\/en\/wp-json\/wp\/v2\/product_tag?post=152"}],"curies":[{"name":"wp","href":"https:\/\/api.w.org\/{rel}","templated":true}]}}