{"id":154,"date":"2024-11-29T17:51:37","date_gmt":"2024-11-29T17:51:37","guid":{"rendered":"https:\/\/gfg.wbfdev2.cz\/?post_type=product&#038;p=154"},"modified":"2024-12-19T21:45:18","modified_gmt":"2024-12-19T21:45:18","slug":"posileni-pro-hru-bez-bolesti","status":"publish","type":"product","link":"https:\/\/gymforgolf.com\/en\/product\/posileni-pro-hru-bez-bolesti\/","title":{"rendered":"Reinforcement for pain-free play"},"content":{"rendered":"<div dir=\"ltr\">\n<div dir=\"ltr\">\n<div dir=\"ltr\">\n<div dir=\"ltr\">\n<p>A one-month, no-tools home workout designed for golfers. Strengthen your body with your own weight, improve your performance, reduce the risk of injury and work out sore muscles and joints - all from the comfort of your home.<\/p>\n<div dir=\"ltr\">\n<div dir=\"ltr\">\n<div dir=\"ltr\">\n<div dir=\"ltr\">\n<div>\n<div>\n<p>The license is valid for 30 days from the first login to the XPS application.<\/p>\n<\/div>\n<\/div>\n<\/div>\n<\/div>\n<\/div>\n<\/div>\n<blockquote>\n<div dir=\"ltr\">\n<div dir=\"ltr\">\n<div dir=\"ltr\">\n<div dir=\"ltr\">\n<div>\n<div><\/div>\n<\/div>\n<\/div>\n<\/div>\n<\/div>\n<\/div>\n<\/blockquote>\n<\/div>\n<\/div>\n<\/div>\n<\/div>","protected":false},"excerpt":{"rendered":"<p>M\u011bs\u00ed\u010dn\u00ed dom\u00e1c\u00ed tr\u00e9nink bez pom\u016fcek navr\u017een\u00fd pro golfisty. Posilujte t\u011blo vlastn\u00ed vahou, zlep\u0161ete v\u00fdkon, sn\u00ed\u017e\u00edte riziko zran\u011bn\u00ed a zato\u010dte s bolav\u00fdmi svaly i klouby \u2013 v\u0161e z pohodl\u00ed domova. Licence plat\u00ed 30 dn\u00ed od prvn\u00edho p\u0159ihl\u00e1\u0161en\u00ed do aplikace XPS.<\/p>","protected":false},"featured_media":155,"comment_status":"open","ping_status":"closed","template":"","meta":{"_acf_changed":false},"product_brand":[],"product_cat":[17],"product_tag":[36,28],"class_list":{"0":"post-154","1":"product","2":"type-product","3":"status-publish","4":"has-post-thumbnail","6":"product_cat-nezarazene","7":"product_tag-30-dni","8":"product_tag-posileni","10":"first","11":"instock","12":"shipping-taxable","13":"purchasable","14":"product-type-simple"},"acf":[],"_links":{"self":[{"href":"https:\/\/gymforgolf.com\/en\/wp-json\/wp\/v2\/product\/154","targetHints":{"allow":["GET"]}}],"collection":[{"href":"https:\/\/gymforgolf.com\/en\/wp-json\/wp\/v2\/product"}],"about":[{"href":"https:\/\/gymforgolf.com\/en\/wp-json\/wp\/v2\/types\/product"}],"replies":[{"embeddable":true,"href":"https:\/\/gymforgolf.com\/en\/wp-json\/wp\/v2\/comments?post=154"}],"wp:featuredmedia":[{"embeddable":true,"href":"https:\/\/gymforgolf.com\/en\/wp-json\/wp\/v2\/media\/155"}],"wp:attachment":[{"href":"https:\/\/gymforgolf.com\/en\/wp-json\/wp\/v2\/media?parent=154"}],"wp:term":[{"taxonomy":"product_brand","embeddable":true,"href":"https:\/\/gymforgolf.com\/en\/wp-json\/wp\/v2\/product_brand?post=154"},{"taxonomy":"product_cat","embeddable":true,"href":"https:\/\/gymforgolf.com\/en\/wp-json\/wp\/v2\/product_cat?post=154"},{"taxonomy":"product_tag","embeddable":true,"href":"https:\/\/gymforgolf.com\/en\/wp-json\/wp\/v2\/product_tag?post=154"}],"curies":[{"name":"wp","href":"https:\/\/api.w.org\/{rel}","templated":true}]}}