{"id":156,"date":"2024-11-30T19:59:36","date_gmt":"2024-11-30T19:59:36","guid":{"rendered":"https:\/\/gfg.wbfdev2.cz\/?post_type=product&#038;p=156"},"modified":"2024-12-19T21:56:21","modified_gmt":"2024-12-19T21:56:21","slug":"vybusnost-pro-delsi-odpal","status":"publish","type":"product","link":"https:\/\/gymforgolf.com\/en\/product\/vybusnost-pro-delsi-odpal\/","title":{"rendered":"Explosiveness for a longer shot"},"content":{"rendered":"<div dir=\"ltr\">\n<div dir=\"ltr\">\n<div dir=\"ltr\">\n<div dir=\"ltr\">\n<div dir=\"ltr\">\n<div dir=\"ltr\">\n<div dir=\"ltr\">\n<div dir=\"ltr\">\n<div>\n<p>Six-week strength training plan to increase swing speed and longer shots. Targeted explosiveness exercises will help beginners build the foundation and experienced players maximize performance - take your game to the next level!<\/p>\n<\/div>\n<div>\n<div dir=\"ltr\">\n<div dir=\"ltr\">\n<div dir=\"ltr\">\n<div dir=\"ltr\">\n<div>\n<div>\n<div>The license is valid for 60 days from the first login to XPS.<\/div>\n<\/div>\n<\/div>\n<\/div>\n<\/div>\n<\/div>\n<\/div>\n<div><\/div>\n<\/div>\n<\/div>\n<\/div>\n<\/div>\n<\/div>\n<\/div>\n<\/div>\n<\/div>\n<\/div>","protected":false},"excerpt":{"rendered":"<p>\u0160estit\u00fddenn\u00ed posilovac\u00ed pl\u00e1n pro zv\u00fd\u0161en\u00ed rychlosti \u0161vihu a del\u0161\u00ed odpaly. C\u00edlen\u00e1 cvi\u010den\u00ed zam\u011b\u0159en\u00e1 na v\u00fdbu\u0161nost pomohou za\u010d\u00e1te\u010dn\u00edk\u016fm vybudovat z\u00e1klady a zku\u0161en\u00fdm hr\u00e1\u010d\u016fm maximalizovat v\u00fdkon \u2013 posu\u0148te svou hru na dal\u0161\u00ed \u00farove\u0148! Licence plat\u00ed 60 dn\u00ed od prvn\u00edho p\u0159ihl\u00e1\u0161en\u00ed do aplikace XPS.<\/p>","protected":false},"featured_media":157,"comment_status":"open","ping_status":"closed","template":"","meta":{"_acf_changed":false},"product_brand":[],"product_cat":[17],"product_tag":[37,25],"class_list":{"0":"post-156","1":"product","2":"type-product","3":"status-publish","4":"has-post-thumbnail","6":"product_cat-nezarazene","7":"product_tag-60-dni","8":"product_tag-vybusnost-1","10":"first","11":"instock","12":"shipping-taxable","13":"purchasable","14":"product-type-simple"},"acf":[],"_links":{"self":[{"href":"https:\/\/gymforgolf.com\/en\/wp-json\/wp\/v2\/product\/156","targetHints":{"allow":["GET"]}}],"collection":[{"href":"https:\/\/gymforgolf.com\/en\/wp-json\/wp\/v2\/product"}],"about":[{"href":"https:\/\/gymforgolf.com\/en\/wp-json\/wp\/v2\/types\/product"}],"replies":[{"embeddable":true,"href":"https:\/\/gymforgolf.com\/en\/wp-json\/wp\/v2\/comments?post=156"}],"wp:featuredmedia":[{"embeddable":true,"href":"https:\/\/gymforgolf.com\/en\/wp-json\/wp\/v2\/media\/157"}],"wp:attachment":[{"href":"https:\/\/gymforgolf.com\/en\/wp-json\/wp\/v2\/media?parent=156"}],"wp:term":[{"taxonomy":"product_brand","embeddable":true,"href":"https:\/\/gymforgolf.com\/en\/wp-json\/wp\/v2\/product_brand?post=156"},{"taxonomy":"product_cat","embeddable":true,"href":"https:\/\/gymforgolf.com\/en\/wp-json\/wp\/v2\/product_cat?post=156"},{"taxonomy":"product_tag","embeddable":true,"href":"https:\/\/gymforgolf.com\/en\/wp-json\/wp\/v2\/product_tag?post=156"}],"curies":[{"name":"wp","href":"https:\/\/api.w.org\/{rel}","templated":true}]}}