{"id":158,"date":"2024-11-29T16:53:33","date_gmt":"2024-11-29T16:53:33","guid":{"rendered":"https:\/\/gfg.wbfdev2.cz\/?post_type=product&#038;p=158"},"modified":"2025-01-13T12:49:11","modified_gmt":"2025-01-13T12:49:11","slug":"mobilita-pro-lepsi-svih","status":"publish","type":"product","link":"https:\/\/gymforgolf.com\/en\/product\/mobilita-pro-lepsi-svih\/","title":{"rendered":"Mobility for a better swing"},"content":{"rendered":"<div dir=\"ltr\">\n<div dir=\"ltr\">\n<div dir=\"ltr\">\n<p>A monthly home training plan for better golf swing mobility. It targets key parts of the body (hips, spine, shoulders), improves range of motion, energy transfer and swing control, while reducing the risk of injury and pressure on joints.<\/p>\n<\/div>\n<div dir=\"ltr\"><\/div>\n<div dir=\"ltr\">\n<div dir=\"ltr\">\n<div dir=\"ltr\">\n<div dir=\"ltr\">\n<div dir=\"ltr\">\n<div>\n<div>\n<div>The license is valid for 30 days from the first login to the XPS application.<\/div>\n<\/div>\n<\/div>\n<\/div>\n<\/div>\n<\/div>\n<\/div>\n<div dir=\"ltr\">\n<div dir=\"ltr\">\n<div dir=\"ltr\">\n<div dir=\"ltr\">\n<div>\n<div><\/div>\n<\/div>\n<\/div>\n<\/div>\n<\/div>\n<\/div>\n<\/div>\n<\/div>\n<\/div>","protected":false},"excerpt":{"rendered":"<p>M\u011bs\u00ed\u010dn\u00ed dom\u00e1c\u00ed tr\u00e9ninkov\u00fd pl\u00e1n pro lep\u0161\u00ed mobilitu golfov\u00e9ho \u0161vihu. Zam\u011b\u0159uje se na kl\u00ed\u010dov\u00e9 partie t\u011bla (ky\u010dle, p\u00e1te\u0159, ramena), zlep\u0161uje rozsah pohybu, p\u0159enos energie a kontrolu \u0161vihu, z\u00e1rove\u0148 sni\u017euje riziko zran\u011bn\u00ed a tlak na klouby. Licence plat\u00ed 30 dn\u00ed od prvn\u00edho p\u0159ihl\u00e1\u0161en\u00ed do aplikace XPS.<\/p>","protected":false},"featured_media":159,"comment_status":"open","ping_status":"closed","template":"","meta":{"_acf_changed":false},"product_brand":[],"product_cat":[17],"product_tag":[36,23],"class_list":{"0":"post-158","1":"product","2":"type-product","3":"status-publish","4":"has-post-thumbnail","6":"product_cat-nezarazene","7":"product_tag-30-dni","8":"product_tag-mobilita","10":"first","11":"instock","12":"shipping-taxable","13":"purchasable","14":"product-type-simple"},"acf":[],"_links":{"self":[{"href":"https:\/\/gymforgolf.com\/en\/wp-json\/wp\/v2\/product\/158","targetHints":{"allow":["GET"]}}],"collection":[{"href":"https:\/\/gymforgolf.com\/en\/wp-json\/wp\/v2\/product"}],"about":[{"href":"https:\/\/gymforgolf.com\/en\/wp-json\/wp\/v2\/types\/product"}],"replies":[{"embeddable":true,"href":"https:\/\/gymforgolf.com\/en\/wp-json\/wp\/v2\/comments?post=158"}],"wp:featuredmedia":[{"embeddable":true,"href":"https:\/\/gymforgolf.com\/en\/wp-json\/wp\/v2\/media\/159"}],"wp:attachment":[{"href":"https:\/\/gymforgolf.com\/en\/wp-json\/wp\/v2\/media?parent=158"}],"wp:term":[{"taxonomy":"product_brand","embeddable":true,"href":"https:\/\/gymforgolf.com\/en\/wp-json\/wp\/v2\/product_brand?post=158"},{"taxonomy":"product_cat","embeddable":true,"href":"https:\/\/gymforgolf.com\/en\/wp-json\/wp\/v2\/product_cat?post=158"},{"taxonomy":"product_tag","embeddable":true,"href":"https:\/\/gymforgolf.com\/en\/wp-json\/wp\/v2\/product_tag?post=158"}],"curies":[{"name":"wp","href":"https:\/\/api.w.org\/{rel}","templated":true}]}}