{"id":502,"date":"2024-12-09T17:55:52","date_gmt":"2024-12-09T17:55:52","guid":{"rendered":"https:\/\/gfg.wbfdev2.cz\/?post_type=product&#038;p=502"},"modified":"2025-01-27T12:49:19","modified_gmt":"2025-01-27T12:49:19","slug":"golfovy-strecink","status":"publish","type":"product","link":"https:\/\/gymforgolf.com\/en\/product\/golfovy-strecink\/","title":{"rendered":"Golf stretching"},"content":{"rendered":"<div dir=\"ltr\">\n<div dir=\"ltr\">\n<div dir=\"ltr\">\n<div>\n<div>\n<p>A monthly training plan at home with an emphasis on golf stretching. It focuses on the flexibility, mobility and stability of the most stressed muscles, supports performance and helps prevent injuries.<\/p>\n<\/div>\n<\/div>\n<\/div>\n<div>\n<div dir=\"ltr\">\n<div dir=\"ltr\">\n<div dir=\"ltr\">\n<div dir=\"ltr\">\n<div>\n<div>\n<div><\/div>\n<div>The license is valid for 30 days from the first login to the XPS application.<\/div>\n<\/div>\n<\/div>\n<\/div>\n<\/div>\n<\/div>\n<\/div>\n<blockquote>\n<div dir=\"ltr\">\n<div dir=\"ltr\">\n<div dir=\"ltr\">\n<div dir=\"ltr\">\n<div>\n<div><\/div>\n<\/div>\n<\/div>\n<\/div>\n<\/div>\n<\/div>\n<\/blockquote>\n<\/div>\n<\/div>\n<\/div>","protected":false},"excerpt":{"rendered":"<p>M\u011bs\u00ed\u010dn\u00ed tr\u00e9ninkov\u00fd pl\u00e1n na doma s d\u016frazem na golfov\u00fd stre\u010dink. Zam\u011b\u0159uje se na flexibilitu, pohyblivost a stabilitu nejv\u00edce zat\u011b\u017eovan\u00fdch sval\u016f, podporuje v\u00fdkon a pom\u00e1h\u00e1 p\u0159edch\u00e1zet zran\u011bn\u00edm. Licence plat\u00ed 30 dn\u00ed od prvn\u00edho p\u0159ihl\u00e1\u0161en\u00ed do aplikace XPS.<\/p>","protected":false},"featured_media":1532,"comment_status":"open","ping_status":"closed","template":"","meta":{"_acf_changed":false},"product_brand":[],"product_cat":[17],"product_tag":[36,27],"class_list":{"0":"post-502","1":"product","2":"type-product","3":"status-publish","4":"has-post-thumbnail","6":"product_cat-nezarazene","7":"product_tag-30-dni","8":"product_tag-strecink","10":"first","11":"instock","12":"shipping-taxable","13":"purchasable","14":"product-type-simple"},"acf":[],"_links":{"self":[{"href":"https:\/\/gymforgolf.com\/en\/wp-json\/wp\/v2\/product\/502","targetHints":{"allow":["GET"]}}],"collection":[{"href":"https:\/\/gymforgolf.com\/en\/wp-json\/wp\/v2\/product"}],"about":[{"href":"https:\/\/gymforgolf.com\/en\/wp-json\/wp\/v2\/types\/product"}],"replies":[{"embeddable":true,"href":"https:\/\/gymforgolf.com\/en\/wp-json\/wp\/v2\/comments?post=502"}],"wp:featuredmedia":[{"embeddable":true,"href":"https:\/\/gymforgolf.com\/en\/wp-json\/wp\/v2\/media\/1532"}],"wp:attachment":[{"href":"https:\/\/gymforgolf.com\/en\/wp-json\/wp\/v2\/media?parent=502"}],"wp:term":[{"taxonomy":"product_brand","embeddable":true,"href":"https:\/\/gymforgolf.com\/en\/wp-json\/wp\/v2\/product_brand?post=502"},{"taxonomy":"product_cat","embeddable":true,"href":"https:\/\/gymforgolf.com\/en\/wp-json\/wp\/v2\/product_cat?post=502"},{"taxonomy":"product_tag","embeddable":true,"href":"https:\/\/gymforgolf.com\/en\/wp-json\/wp\/v2\/product_tag?post=502"}],"curies":[{"name":"wp","href":"https:\/\/api.w.org\/{rel}","templated":true}]}}