{"id":504,"date":"2024-12-09T20:59:49","date_gmt":"2024-12-09T20:59:49","guid":{"rendered":"https:\/\/gfg.wbfdev2.cz\/?post_type=product&#038;p=504"},"modified":"2025-01-13T12:51:43","modified_gmt":"2025-01-13T12:51:43","slug":"vybusnost-pro-delsi-odpal-ii","status":"publish","type":"product","link":"https:\/\/gymforgolf.com\/en\/product\/vybusnost-pro-delsi-odpal-ii\/","title":{"rendered":"Explosiveness for a longer shot II."},"content":{"rendered":"<div dir=\"ltr\">\n<div dir=\"ltr\">\n<div dir=\"ltr\">\n<div>\n<div>\n<div dir=\"ltr\">\n<div dir=\"ltr\">\n<div dir=\"ltr\">\n<div>\n<div>\n<p>An advanced six-week training plan focused on explosiveness, strength and accuracy. This plan builds on the first level and pushes the limits of your abilities - a more intense workout for experienced players and professionals looking for maximum power and longer shots.<\/p>\n<\/div>\n<div><\/div>\n<\/div>\n<\/div>\n<div>\n<div dir=\"ltr\">\n<div dir=\"ltr\">\n<div dir=\"ltr\">\n<div dir=\"ltr\">\n<div>\n<div>\n<div>The license is valid for 60 days from the first login to XPS.<\/div>\n<\/div>\n<\/div>\n<\/div>\n<\/div>\n<\/div>\n<\/div>\n<blockquote>\n<div dir=\"ltr\">\n<div dir=\"ltr\">\n<div dir=\"ltr\">\n<div dir=\"ltr\">\n<div>\n<div><\/div>\n<\/div>\n<\/div>\n<\/div>\n<\/div>\n<\/div>\n<\/blockquote>\n<\/div>\n<\/div>\n<\/div>\n<\/div>\n<\/div>\n<\/div>\n<\/div>\n<\/div>","protected":false},"excerpt":{"rendered":"<p>Pokro\u010dil\u00fd \u0161estit\u00fddenn\u00ed tr\u00e9ninkov\u00fd pl\u00e1n zam\u011b\u0159en\u00fd na v\u00fdbu\u0161nost, s\u00edlu a p\u0159esnost. Tento pl\u00e1n navazuje na prvn\u00ed \u00farove\u0148 a posouv\u00e1 hranice va\u0161ich schopnost\u00ed \u2013 intenzivn\u011bj\u0161\u00ed cvi\u010den\u00ed pro zku\u0161en\u00e9 hr\u00e1\u010de i profesion\u00e1ly, kte\u0159\u00ed usiluj\u00ed o maxim\u00e1ln\u00ed v\u00fdkon a del\u0161\u00ed odpaly. Licence plat\u00ed 60 dn\u00ed od prvn\u00edho p\u0159ihl\u00e1\u0161en\u00ed do aplikace XPS.<\/p>","protected":false},"featured_media":161,"comment_status":"open","ping_status":"closed","template":"","meta":{"_acf_changed":false},"product_brand":[],"product_cat":[17],"product_tag":[37,26],"class_list":{"0":"post-504","1":"product","2":"type-product","3":"status-publish","4":"has-post-thumbnail","6":"product_cat-nezarazene","7":"product_tag-60-dni","8":"product_tag-vybusnost-2","10":"first","11":"outofstock","12":"shipping-taxable","13":"product-type-simple"},"acf":[],"_links":{"self":[{"href":"https:\/\/gymforgolf.com\/en\/wp-json\/wp\/v2\/product\/504","targetHints":{"allow":["GET"]}}],"collection":[{"href":"https:\/\/gymforgolf.com\/en\/wp-json\/wp\/v2\/product"}],"about":[{"href":"https:\/\/gymforgolf.com\/en\/wp-json\/wp\/v2\/types\/product"}],"replies":[{"embeddable":true,"href":"https:\/\/gymforgolf.com\/en\/wp-json\/wp\/v2\/comments?post=504"}],"wp:featuredmedia":[{"embeddable":true,"href":"https:\/\/gymforgolf.com\/en\/wp-json\/wp\/v2\/media\/161"}],"wp:attachment":[{"href":"https:\/\/gymforgolf.com\/en\/wp-json\/wp\/v2\/media?parent=504"}],"wp:term":[{"taxonomy":"product_brand","embeddable":true,"href":"https:\/\/gymforgolf.com\/en\/wp-json\/wp\/v2\/product_brand?post=504"},{"taxonomy":"product_cat","embeddable":true,"href":"https:\/\/gymforgolf.com\/en\/wp-json\/wp\/v2\/product_cat?post=504"},{"taxonomy":"product_tag","embeddable":true,"href":"https:\/\/gymforgolf.com\/en\/wp-json\/wp\/v2\/product_tag?post=504"}],"curies":[{"name":"wp","href":"https:\/\/api.w.org\/{rel}","templated":true}]}}